{"id":1644,"date":"2020-11-19T12:12:10","date_gmt":"2020-11-19T10:12:10","guid":{"rendered":"https:\/\/graphic.devlat.eu\/rentmotors\/?page_id=1644"},"modified":"2024-03-26T14:35:17","modified_gmt":"2024-03-26T12:35:17","slug":"regulations","status":"publish","type":"page","link":"https:\/\/graphic.devlat.eu\/rentmotors\/lv\/regulations\/","title":{"rendered":"Nosac\u012bjumi"},"content":{"rendered":"<div data-elementor-type=\"wp-page\" data-elementor-id=\"1644\" class=\"elementor elementor-1644\" data-elementor-post-type=\"page\">\n\t\t\t\t\t\t<section class=\"elementor-section elementor-top-section elementor-element elementor-element-272a67a elementor-section-height-min-height elementor-section-stretched elementor-section-full_width elementor-section-height-default elementor-section-items-middle\" data-id=\"272a67a\" data-element_type=\"section\" data-settings=\"{&quot;background_background&quot;:&quot;classic&quot;,&quot;stretch_section&quot;:&quot;section-stretched&quot;}\">\n\t\t\t\t\t\t<div class=\"elementor-container elementor-column-gap-default\">\n\t\t\t\t\t<div class=\"elementor-column elementor-col-100 elementor-top-column elementor-element elementor-element-ce08f32\" data-id=\"ce08f32\" data-element_type=\"column\">\n\t\t\t<div class=\"elementor-widget-wrap\">\n\t\t\t\t\t\t\t<\/div>\n\t\t<\/div>\n\t\t\t\t\t<\/div>\n\t\t<\/section>\n\t\t\t\t<section class=\"elementor-section elementor-top-section elementor-element elementor-element-f793099 elementor-section-boxed elementor-section-height-default elementor-section-height-default\" data-id=\"f793099\" data-element_type=\"section\">\n\t\t\t\t\t\t<div class=\"elementor-container elementor-column-gap-default\">\n\t\t\t\t\t<div class=\"elementor-column elementor-col-100 elementor-top-column elementor-element elementor-element-8be0821\" data-id=\"8be0821\" data-element_type=\"column\">\n\t\t\t<div class=\"elementor-widget-wrap elementor-element-populated\">\n\t\t\t\t\t\t<div class=\"elementor-element elementor-element-f7ad789 elementor-widget elementor-widget-heading\" data-id=\"f7ad789\" data-element_type=\"widget\" data-widget_type=\"heading.default\">\n\t\t\t\t<div class=\"elementor-widget-container\">\n\t\t\t<style>\/*! elementor - v3.21.0 - 18-04-2024 *\/\n.elementor-heading-title{padding:0;margin:0;line-height:1}.elementor-widget-heading .elementor-heading-title[class*=elementor-size-]>a{color:inherit;font-size:inherit;line-height:inherit}.elementor-widget-heading .elementor-heading-title.elementor-size-small{font-size:15px}.elementor-widget-heading .elementor-heading-title.elementor-size-medium{font-size:19px}.elementor-widget-heading .elementor-heading-title.elementor-size-large{font-size:29px}.elementor-widget-heading .elementor-heading-title.elementor-size-xl{font-size:39px}.elementor-widget-heading .elementor-heading-title.elementor-size-xxl{font-size:59px}<\/style><h2 class=\"elementor-heading-title elementor-size-default\">Noteikumi<\/h2>\t\t<\/div>\n\t\t\t\t<\/div>\n\t\t\t\t<div class=\"elementor-element elementor-element-63220e6 elementor-widget elementor-widget-text-editor\" data-id=\"63220e6\" data-element_type=\"widget\" data-widget_type=\"text-editor.default\">\n\t\t\t\t<div class=\"elementor-widget-container\">\n\t\t\t<style>\/*! elementor - v3.21.0 - 18-04-2024 *\/\n.elementor-widget-text-editor.elementor-drop-cap-view-stacked .elementor-drop-cap{background-color:#69727d;color:#fff}.elementor-widget-text-editor.elementor-drop-cap-view-framed .elementor-drop-cap{color:#69727d;border:3px solid;background-color:transparent}.elementor-widget-text-editor:not(.elementor-drop-cap-view-default) .elementor-drop-cap{margin-top:8px}.elementor-widget-text-editor:not(.elementor-drop-cap-view-default) .elementor-drop-cap-letter{width:1em;height:1em}.elementor-widget-text-editor .elementor-drop-cap{float:left;text-align:center;line-height:1;font-size:50px}.elementor-widget-text-editor .elementor-drop-cap-letter{display:inline-block}<\/style>\t\t\t\t<p><strong>Par mums<\/strong><br \/>\u2014 RentMotors Ltd (further in the text &#8211; Lessor) rents to the Lessee the car specified in Car Rental Agreement. All equipment and accessories related to the car (keys, documents, tires, mats, fire extinguisher, first aid kit, triangle, etc.) s hall be transferred to the Renter together with the car.<\/p><p class=\" translation-block\"><strong>Pras\u012bbas Nomniekam<\/strong><br>\n\u2014 Automa\u0161\u012bnu dr\u012bkst vad\u012bt tikai Nomnieks, kur\u0161 ir vismaz 20 gadu vecs, un kuram ir der\u012bga autovad\u012bt\u0101ja apliec\u012bba, kas izdota ne \u0101tr\u0101k k\u0101 pirms 2 gadiem no auto rezerv\u0101cijas br\u012b\u017ea.<br>\n\u2014 Iznom\u0101t\u0101jam ir ties\u012bbas iznom\u0101t automa\u0161\u012bnu pilngad\u012bg\u0101m person\u0101m, kuras nav sasniegu\u0161as 20 gada vecumu, bet \u0161\u0101d\u0101 gad\u012bjum\u0101 tiek piem\u0113rots papildus riska maks\u0101jums un liel\u0101ks dro\u0161\u012bbas depoz\u012bts. \u0145emiet v\u0113r\u0101, ka da\u017eiem automa\u0161\u012bnam noteikts minim\u0101lais nomas vecums 22-26 gadi un \u0161o pras\u012bbu nevar atcelt.<br>\n\u2014 Iznom\u0101t\u0101jam ir ties\u012bbas iznom\u0101t automa\u0161\u012bnu person\u0101m ar maz\u0101ku st\u0101\u017eu, \u0161\u0101d\u0101 gad\u012bjum\u0101 tiek piem\u0113rots papildus riska maks\u0101jums un liel\u0101ks dro\u0161\u012bbas depoz\u012bts. \u0145emiet v\u0113r\u0101, ka da\u017eiem automa\u0161\u012bnam noteikts minim\u0101lais vad\u012b\u0161anas sta\u017ea ierobie\u017eojums 3-6 gadi un \u0161o pras\u012bbu nevar atcelt.<br>\n\u2014 Auto <strong>dr\u012bkst vad\u012bt 2 autovad\u012bt\u0101ji. <\/strong>Abiem vad\u012bt\u0101jiem j\u0101b\u016bt nor\u0101d\u012btiem nomas l\u012bgum\u0101 un j\u0101b\u016bt der\u012bgai vad\u012bt\u0101ja apliec\u012bbai. Par papildus vad\u012bt\u0101ju tiek piem\u0113rota papildus samaksa.<br>\n\u2014 Automa\u0161\u012bnas sa\u0146em\u0161anas br\u012bd\u012b Nomniekam ir nepiecie\u0161ams uzr\u0101d\u012bt Iznom\u0101t\u0101jam der\u012bgu pasi vai ID karti un autovad\u012bt\u0101ja apliec\u012bbu, kuru datiem j\u0101sakr\u012bt ar s\u0101kotn\u0113j\u0101 rezerv\u0101cijas veidlap\u0101 aizpild\u012bto inform\u0101ciju, k\u0101 ar\u012b iemaks\u0101t dro\u0161\u012bbas depoz\u012btu izmantojot savu bankas karti.\nDer\u012bgas ar\u012b autovad\u012bt\u0101ja apliec\u012bbas, kas ir izdotas Eiropas Savien\u012bb\u0101, ASV, Lielbrit\u0101nij\u0101 vai Austr\u0101lij\u0101. Starptautisk\u0101 vad\u012bt\u0101ja apliec\u012bba nav nepiecie\u0161ama.<\/p><p class=\" translation-block\"><strong>UZMAN\u012aBU! SEJAS KONTROLE! <\/strong>Auto nom\u0101 ir ieviesta sejas kontrole. Iznom\u0101t\u0101js var atteikt Nomniekam pakalpojuma sa\u0146em\u0161an\u0101 bez iemesla paskaidrojuma, \u0161aj\u0101 gad\u012bjum\u0101 priek\u0161apmaksa tiek atgriezta. (Tas var notikt, ja Nomniekam ir alkohola vai narkotisko vielu lieto\u0161anas paz\u012bmes, neadekv\u0101ta uzved\u012bba, Nomnieks atrodas Latvijas auto nomu melnaj\u0101 sarakst\u0101 vai ir aizdomas par kr\u0101pniecisk\u0101m darb\u012bb\u0101m.)<\/p><p class=\" translation-block\"><strong>Nomas apmaksa<\/strong>\n\u2014 Par auto nomu iesp\u0113jams nor\u0113\u0137in\u0101ties veicot p\u0101rskait\u012bjumu kont\u0101 (r\u0113\u0137ins\u00a0tiek\u00a0aizs\u016bt\u012bts uz e-pastu Nomniekam), vai veicot apmaksu automa\u0161\u012bnas sa\u0146em\u0161anas br\u012bd\u012b \u2013 skaidr\u0101 naud\u0101. Juridisk\u0101m person\u0101m pied\u0101v\u0101jam nor\u0113\u0137in\u0101ties ar bankas maks\u0101juma karti.\n\u2014 Ja automa\u0161\u012bna tiek atgriezta \u0101tr\u0101k, tad <strong>samaks\u0101t\u0101 nomas maksa par neizmantotaj\u0101m diennakt\u012bm netiek atgriezta, <\/strong>jo kop\u0113j\u0101 nomas maksa ir atkar\u012bga no nomas termi\u0146a.<\/p><p class=\" translation-block\"><strong>Dro\u0161\u012bbas depoz\u012bts<\/strong><br>\n\u2014 Dro\u0161\u012bbas depoz\u012btu var iemaks\u0101t TIKAI izmantojot bankas karti auto sa\u0146em\u0161anas br\u012bd\u012b vai ar p\u0101rskait\u012bjumu kont\u0101. Dro\u0161\u012bbas depoz\u012bta lielums atkar\u012bgs no konkr\u0113t\u0101 izvel\u0113t\u0101 auto un var sast\u0101d\u012bt no 100 l\u012bdz 1000 EUR. <br>\n\u2014 P\u0113c auto atgrie\u0161anas un p\u0101rbaudes, Iznom\u0101t\u0101js <strong>n\u0101kamaj\u0101 darba dien\u0101<\/strong> inform\u0113 banku par naudas rezerv\u0101cijas atcel\u0161anu. Parasti Latvijas bankas apstr\u0101d\u0101 inform\u0101ciju 3 darba dienu laik\u0101 un rezerv\u0113tie l\u012bdzek\u013ci k\u013c\u016bst pieejami Nomnieka kont\u0101. \u0100rzemju bank\u0101m \u0161is process ir ilg\u0101ks un depoz\u012bta rezerv\u0101cijas atcel\u0161ana var ilgt l\u012bdz 14 kalend\u0101raj\u0101m dien\u0101m.<\/p><p class=\" translation-block\"><strong>UZMAN\u012aBU! <\/strong>Ja dro\u0161\u012bbas nauda iemaks\u0101ta izmantojot bankas karti, tad depoz\u012bta atgrie\u0161anai Iznom\u0101t\u0101js neveic ien\u0101ko\u0161o maks\u0101jumu Nomnieku kont\u0101, k\u0101 rezult\u0101t\u0101 Nomnieks nesa\u0146em \u012bszi\u0146u no bankas par ien\u0101ko\u0161o maks\u0101jumu. Ietur\u0113t\u0101 dro\u0161\u012bbas nauda nenon\u0101k Iznom\u0101t\u0101ja bankas kont\u0101 un vienm\u0113r paliek Nomnieku kont\u0101. P\u0113c depoz\u012bta rezerv\u0101cijas atcel\u0161anas, bankas sada\u013c\u0101 \u201cRezerv\u0113ta nauda no bankas kartes\u201d paz\u016bd ieraksts par veikto naudas rezerv\u0101ciju, izmai\u0146as b\u016bs atlikumu kont\u0101 un bankas konta maks\u0101jumu v\u0113stur\u0113 nav iesp\u0113jams redz\u0113t, ka summa bija no\u0146emta vai ieskait\u012bt\u0101 atpaka\u013c kont\u0101.<\/p><p><strong>Dro\u0161\u012bbas depoz\u012bta summa netiek atgriezta \u0161\u0101dos gad\u012bjumos:<\/strong><\/p><ul><li>Nomnieks p\u0101rsniedz \u0101trumu 100 km\/stund\u0101 Latvij\u0101, vai 120 km\/stund\u0101 cit\u0101 Eiropas Savien\u012bbas valst\u012b;<\/li><li>Par sm\u0113\u0137\u0113\u0161anu automa\u0161\u012bn\u0101 un tuv\u0101k tai par 2 metriem;<\/li><li>Atgrieztajam auto tiek konstat\u0113ti vizu\u0101lie boj\u0101jumi;<\/li><li>Nomnieks rupji p\u0101rk\u0101pj ce\u013cu satiksmes noteikumus;<\/li><li>Nomnieks nav apmaks\u0101jis izrakst\u012bto r\u0113\u0137inu;<\/li><li>Nav piln\u012bb\u0101 uzpild\u012bta degvielas tvertne un Nomnieks neinform\u0113ja Iznom\u0101t\u0101ju par to ar nos\u016bt\u012bto \u012bszi\u0146u (par nepiepild\u012btu pilnu degvielas b\u0101ku ir uzskat\u0101ma degvielas b\u0101ka, kur\u0101 var v\u0113l piepild\u012bt vair\u0101k par 4 degvielas litriem);<\/li><li>Ja automa\u0161\u012bna netika atgriezta l\u012bgum\u0101 noteiktaj\u0101 laik\u0101 un Nomnieks par to nav vienojies ar Iznom\u0101t\u0101ju vismaz 24 stundas pirms l\u012bguma termi\u0146a beig\u0101m.<\/li><\/ul><p class=\" translation-block\"><strong>Auto sa\u0146em\u0161ana\/atgrie\u0161ana<\/strong><br>\n\u2014 Auto var sa\u0146emt un nodot \u2013 R\u012bgas iel\u0101 11, Jelgav\u0101. Pirms m\u016bsu biroja apmekl\u0113\u0161anas, l\u016bgums ar mums sazin\u0101ties +371 2010 2010. Klientu apkalpo\u0161ana notiek p\u0113c iepriek\u0161\u0113j\u0101 pieraksta! Veikt nomas transportl\u012bdzek\u013cu rezerv\u0101ciju ir iesp\u0113jams katru dienu 7:00-21:00. <br>\nIr iesp\u0113ja sa\u0146emt un nodot auto citviet Latvij\u0101 \u2013 iepriek\u0161 saska\u0146ojot to ar Iznom\u0101t\u0101ju.<br>\n\u0100rpus darba laika apkalpojam tikai iepriek\u0161 veikt\u0101s rezerv\u0101cijas. Par auto nodo\u0161anu un sa\u0146em\u0161anu \u0101rpus darba laika tiek noteikta papildus samaksa saska\u0146\u0101 ar cenr\u0101di.<br>\n\u2014 Pirms auto nomas l\u012bguma parakst\u012b\u0161anas, izlasiet nomas l\u012bgumu un uzman\u012bgi izp\u0113tiet l\u012bguma noteikumus un nosac\u012bjumus, l\u012bgum\u0101 noteikto summu par auto nomu, k\u0101 ar\u012b ierobe\u017eojumus un papildus pakalpojumus! <br>\n\u2014 Sa\u0146emot nomas auto, Nomnieka pien\u0101kums p\u0101rbaud\u012bt t\u0101s vizu\u0101lo un tehnisko st\u0101vokli kop\u0101 ar autonomas darbinieku. Ja tiek konstat\u0113ti k\u0101di defekti, zi\u0146ojiet par tiem autonomas darbiniekam. \u0160os defektus nepiecie\u0161ams fiks\u0113t ar mobilo ier\u012bci, veicot fotograf\u0113\u0161anu vai film\u0113\u0161anu. P\u0101rbaudiet auto virsb\u016bves st\u0101vokli, taj\u0101 skait\u0101 ar\u012b s\u012bk\u0101ku skr\u0101p\u0113jumu vai iesitumu esam\u012bbu, k\u0101 ar\u012b salona st\u0101vokli. Ja salon\u0101 ir atrodami traipi uz s\u0113dek\u013ciem, iepl\u0113sta s\u0113dek\u013cu vai salona apdare, cigare\u0161u p\u0113das vai smaka, noteikti j\u0101uzr\u0101da nomas darbiniekam par to, pirms s\u0101kat lietot auto. Ieteicams p\u0101rbaud\u012bt ar\u012b bag\u0101\u017eas nodal\u012bjumu.<\/p><p><strong>UZMAN\u012aBU! Saska\u0146\u0101 ar nomas l\u012bgumu Nomnieka pien\u0101kums, auto sa\u0146em\u0161anas un atgrie\u0161anas br\u012bd\u012b, nofotograf\u0113t vai nofilm\u0113t auto, t\u0101s boj\u0101jumus ar mobilo ier\u012bci, lai izvair\u012btos no pretrun\u012bg\u0101m situ\u0101cij\u0101m p\u0113c t\u0101 atgrie\u0161anas, ja b\u016bs konstat\u0113ti jauni auto boj\u0101jumi. Foto un video failus nepiecie\u0161ams uzglab\u0101t l\u012bdz 30 dien\u0101m no auto atgrie\u0161anas br\u012b\u017ea.<\/strong><\/p><p>\u2014 Lai ietaup\u012btu savu laiku, klients dr\u012bkst atst\u0101t <strong>auto mazg\u0101\u0161anu un salona t\u012br\u012b\u0161anu<\/strong> auto nomas darbiniekiem. Par to ir papildus samaksa (cenas saska\u0146\u0101 ar cenr\u0101di).<\/p><p class=\" translation-block\"><strong>UZMAN\u012aBU! <\/strong>Par nekvalitat\u012bvi nomazg\u0101tu auto, tiek ietur\u0113ta maksa par auto mazg\u0101\u0161anu saska\u0146\u0101 ar cenr\u0101di. Visbie\u017e\u0101k tas notiek, kad klients m\u0113\u0123ina nomazg\u0101t auto pa\u0161apkalpo\u0161an\u0101s mazg\u0101tuv\u0113.<\/p><p class=\" translation-block\">\u2014 Lai automa\u0161\u012bn\u0101 p\u0101rvad\u0101tu <strong>dz\u012bvniekus, <\/strong>nepiecie\u0161ama iepriek\u0161\u0113j\u0101 saska\u0146o\u0161ana ar Iznom\u0101t\u0101ju. <br>\n\u2014 Auto klientam tiek nodots ar <strong>pilnu degvielas tvertni<\/strong> un t\u0101d\u0101 pa\u0161\u0101 st\u0101vokl\u012b tas ir ar\u012b j\u0101atgrie\u017e!<br>\n\u2014 Auto ma\u0161\u012bn\u0101<strong>stingri aizliegts sm\u0113\u0137\u0113t! <\/strong>Par sm\u0113\u0137\u0113\u0161anu auto salon\u0101 tiks piem\u0113rota soda nauda 150 EUR.<br>\n\u2014 Nomnieks vienpus\u0113ji nes pilnu atbild\u012bbu <strong>par visiem p\u0101rk\u0101pumiem un no tiem izrieto\u0161ajiem sodiem<\/strong> nomas laik\u0101. Ja nomnieks nav veicis sodu apmaksu nomas laik\u0101, tad papildus administr\u0113\u0161anas maksa tiks ietur\u0113ta no Nomnieka.<\/p><p><strong>Auto nomas termi\u0146\u0161<\/strong><br \/>Par diennakts nomas termi\u0146u tiek noteikts 24 stundu periods, kas s\u0101k skait\u012bties no auto nodo\u0161anas br\u012b\u017ea Nomniekam. Nomniekam ir pien\u0101kums iepriek\u0161 saska\u0146ot papildus nomas periodu.<\/p><p><span style=\"text-decoration: underline;\">Ja ir sa\u0146emts apstiprin\u0101jums no Iznom\u0101t\u0101ja par nomas periodu pagarin\u0101\u0161anu:<\/span><\/p><ul><li>kas sasniedz l\u012bdz 2 stund\u0101m, tad tas ir BEZMAKSAS;<\/li><li>kas sasniedz no 2 l\u012bdz 5 stund\u0101m, tad tiek uzskat\u012bti 50% no diennakts summas;<\/li><li>kas p\u0101rsniedz 5 stundas, tad tiek uzskat\u012bts k\u0101 papildus diennakts.<\/li><\/ul><p class=\" translation-block\"><strong>Lai pagarin\u0101tu nomas periodu, <\/strong>nepiecie\u0161ams sazin\u0101ties ar Iznom\u0101t\u0101ju TIKAI zvanot: +371 2010 2010.<\/p><p class=\" translation-block\"><strong>UZMAN\u012aBU! <\/strong>Gad\u012bjum\u0101, kad Nomnieks kav\u0113 auto nodo\u0161anu bez Iznom\u0101t\u0101ja apstiprin\u0101juma, tiek piem\u0113rota nomas maksa no 60 EUR\/diennakt\u012b.<br>Par nomas termi\u0146a mai\u0146u Iznom\u0101t\u0101js var piem\u0113rot komisijas maksu 10EUR apm\u0113r\u0101.<\/p><p class=\" translation-block\"><strong>Nobraukums\/izbrauk\u0161ana \u0101rpus LV<\/strong><br>\n\u2014 L\u016bgums \u0146emt v\u0113r\u0101! Iznom\u0101t\u0101js r\u0113\u0137ina kop\u0113jos nobrauktos kilometrus vis\u0101 nomas period\u0101! Gad\u012bjum\u0101, kad tiek nobraukts vair\u0101k kilometru par pieteikto, par katru virs pieteikta nobraukuma kilometra tiks piem\u0113rota piemaksa 0,06 - 0,18 EUR\/kilometrs (cena ir atkar\u012bga no izv\u0113l\u0113tas auto un nomas termi\u0146a).\nNobraukums nav ierobe\u017eots. Ierobe\u017eojumi ir tikai attiec\u012bb\u0101 uz autovad\u012bt\u0101ja fizisk\u0101m iesp\u0113j\u0101m. Lai brauciens b\u016btu dro\u0161s, ar auto nedr\u012bkst braukt ilg\u0101k par 17 stund\u0101m vai aptuveni 1200km\/diennakt\u012b.<br>\n<strong>\u2014 Auto dr\u012bkst izmantot tikai Eirop\u0101!<br>\n\u2014 Tikai p\u0113c iepriek\u0161\u0113jas saska\u0146o\u0161anas tiek at\u013cauta izbrauk\u0161ana \u0101rpus Latvijas!<\/strong><\/p><div style=\"all: initial;\">\u00a0<\/div>\t\t\t\t\t\t<\/div>\n\t\t\t\t<\/div>\n\t\t\t\t<div class=\"elementor-element elementor-element-8f47d2f elementor-widget elementor-widget-heading\" data-id=\"8f47d2f\" data-element_type=\"widget\" data-widget_type=\"heading.default\">\n\t\t\t\t<div class=\"elementor-widget-container\">\n\t\t\t<h2 class=\"elementor-heading-title elementor-size-default\">Priv\u0101tuma politika<\/h2>\t\t<\/div>\n\t\t\t\t<\/div>\n\t\t\t\t<div class=\"elementor-element elementor-element-aa8f395 elementor-widget elementor-widget-text-editor\" data-id=\"aa8f395\" data-element_type=\"widget\" data-widget_type=\"text-editor.default\">\n\t\t\t\t<div class=\"elementor-widget-container\">\n\t\t\t\t\t\t\t<p>Interneta vietnes datu apstr\u0101di veic SIA RentMotors. Personas datu apstr\u0101des m\u0113r\u0137is ir nodro\u0161in\u0101t klientu gr\u0101matved\u012bbas dokumentu (r\u0113\u0137inu) sagatavo\u0161anu un apstr\u0101di, automa\u0161\u012bnas nomas l\u012bguma sagatavo\u0161anu un apstr\u0101di, k\u0101 ar\u012b komunik\u0101cijas, t.sk. korespondences nodro\u0161in\u0101\u0161anu ar klientiem. Personas datu apstr\u0101de tiek veikta, pamatojoties uz Fizisko personu datu aizsardz\u012bbas likuma 7. panta 1. punktu un saska\u0146\u0101 ar Eiropas Parlamenta un Padomes Direkt\u012bvu 95\/46\/EK par personu aizsardz\u012bbu attiec\u012bb\u0101 uz personas datu apstr\u0101di un \u0161\u0101du datu br\u012bvu apriti.<\/p><p>SIA RentMotors pien\u0101kums ir likum\u0101 noteiktajos gad\u012bjumos izpaust personas datus valsts un pa\u0161vald\u012bbu amatperson\u0101m, k\u0101 ar\u012b atkl\u0101t klienta person\u012bgo inform\u0101ciju, kad to pieprasa likums. SIA RentMotors veic visus iesp\u0113jamos pas\u0101kumus person\u012bg\u0101s inform\u0101cijas dro\u0161\u012bbai, lai aizsarg\u0101tu to pret z\u0101dz\u012bbu, pazu\u0161anu, \u013caunpr\u0101t\u012bgu izmanto\u0161anu, k\u0101 ar\u012b pret nesankcion\u0113tu pieeju, atkl\u0101\u0161anu, p\u0101rveido\u0161anu un boj\u0101\u0161anu.<\/p><p>Apmekl\u0113jot \u0161o m\u0101jaslapu (www.rentmotors.lv), J\u016bs akcept\u0113jiet priv\u0101tuma un konfidencialit\u0101tes politiku, kas ir augst\u0101k izskaidrota. Ja J\u016bs nepiekr\u012btat augst\u0101k min\u0113tajiem noteikumiem, l\u016bdzu, nekav\u0113joties p\u0101rtrauciet lietot \u0161o m\u0101jaslapu. Piek\u013c\u016bstot \u0161ai m\u0101jaslapai vai sl\u0113dzot l\u012bgumu ar mums, J\u016bs dodiet at\u013cauju mums, lietot, p\u0101rs\u016bt\u012bt un uzglab\u0101t datus un person\u012bgo inform\u0101ciju. Priv\u0101tuma un konfidencialit\u0101tes politikas noteikumi var main\u012bties bez br\u012bdin\u0101juma.<\/p>\t\t\t\t\t\t<\/div>\n\t\t\t\t<\/div>\n\t\t\t\t\t<\/div>\n\t\t<\/div>\n\t\t\t\t\t<\/div>\n\t\t<\/section>\n\t\t\t\t<\/div>","protected":false},"excerpt":{"rendered":"<p>Terms and conditions About us\u2014 RentMotors Ltd (further in the text &#8211; Lessor) rents to the Lessee the car specified in Car Rental Agreement. All equipment and accessories related to the car (keys, documents, tires, mats, fire extinguisher, first aid kit, triangle, etc.) s hall be transferred to the Renter together with the car. Requirements [&hellip;]<\/p>","protected":false},"author":1,"featured_media":0,"parent":0,"menu_order":0,"comment_status":"closed","ping_status":"closed","template":"","meta":{"site-sidebar-layout":"no-sidebar","site-content-layout":"page-builder","ast-site-content-layout":"","site-content-style":"default","site-sidebar-style":"default","ast-global-header-display":"","ast-banner-title-visibility":"","ast-main-header-display":"","ast-hfb-above-header-display":"","ast-hfb-below-header-display":"","ast-hfb-mobile-header-display":"","site-post-title":"disabled","ast-breadcrumbs-content":"","ast-featured-img":"disabled","footer-sml-layout":"","theme-transparent-header-meta":"default","adv-header-id-meta":"","stick-header-meta":"","header-above-stick-meta":"","header-main-stick-meta":"","header-below-stick-meta":"","astra-migrate-meta-layouts":"default","ast-page-background-enabled":"default","ast-page-background-meta":{"desktop":{"background-color":"","background-image":"","background-repeat":"repeat","background-position":"center center","background-size":"auto","background-attachment":"scroll","background-type":"","background-media":"","overlay-type":"","overlay-color":"","overlay-gradient":""},"tablet":{"background-color":"","background-image":"","background-repeat":"repeat","background-position":"center center","background-size":"auto","background-attachment":"scroll","background-type":"","background-media":"","overlay-type":"","overlay-color":"","overlay-gradient":""},"mobile":{"background-color":"","background-image":"","background-repeat":"repeat","background-position":"center center","background-size":"auto","background-attachment":"scroll","background-type":"","background-media":"","overlay-type":"","overlay-color":"","overlay-gradient":""}},"ast-content-background-meta":{"desktop":{"background-color":"var(--ast-global-color-5)","background-image":"","background-repeat":"repeat","background-position":"center center","background-size":"auto","background-attachment":"scroll","background-type":"","background-media":"","overlay-type":"","overlay-color":"","overlay-gradient":""},"tablet":{"background-color":"var(--ast-global-color-5)","background-image":"","background-repeat":"repeat","background-position":"center center","background-size":"auto","background-attachment":"scroll","background-type":"","background-media":"","overlay-type":"","overlay-color":"","overlay-gradient":""},"mobile":{"background-color":"var(--ast-global-color-5)","background-image":"","background-repeat":"repeat","background-position":"center center","background-size":"auto","background-attachment":"scroll","background-type":"","background-media":"","overlay-type":"","overlay-color":"","overlay-gradient":""}},"footnotes":""},"_links":{"self":[{"href":"https:\/\/graphic.devlat.eu\/rentmotors\/lv\/wp-json\/wp\/v2\/pages\/1644"}],"collection":[{"href":"https:\/\/graphic.devlat.eu\/rentmotors\/lv\/wp-json\/wp\/v2\/pages"}],"about":[{"href":"https:\/\/graphic.devlat.eu\/rentmotors\/lv\/wp-json\/wp\/v2\/types\/page"}],"author":[{"embeddable":true,"href":"https:\/\/graphic.devlat.eu\/rentmotors\/lv\/wp-json\/wp\/v2\/users\/1"}],"replies":[{"embeddable":true,"href":"https:\/\/graphic.devlat.eu\/rentmotors\/lv\/wp-json\/wp\/v2\/comments?post=1644"}],"version-history":[{"count":124,"href":"https:\/\/graphic.devlat.eu\/rentmotors\/lv\/wp-json\/wp\/v2\/pages\/1644\/revisions"}],"predecessor-version":[{"id":4667,"href":"https:\/\/graphic.devlat.eu\/rentmotors\/lv\/wp-json\/wp\/v2\/pages\/1644\/revisions\/4667"}],"wp:attachment":[{"href":"https:\/\/graphic.devlat.eu\/rentmotors\/lv\/wp-json\/wp\/v2\/media?parent=1644"}],"curies":[{"name":"wp","href":"https:\/\/api.w.org\/{rel}","templated":true}]}}